{"id":962,"date":"2023-05-01T20:28:13","date_gmt":"2023-05-01T17:28:13","guid":{"rendered":"http:\/\/steelprofi.lv\/policy-of-the-integrated-management-system\/"},"modified":"2023-05-01T20:28:16","modified_gmt":"2023-05-01T17:28:16","slug":"policy-of-the-integrated-management-system","status":"publish","type":"page","link":"https:\/\/steelprofi.lv\/en\/policy-of-the-integrated-management-system\/","title":{"rendered":"Policy of the Integrated Management System"},"content":{"rendered":"\t\t<div data-elementor-type=\"wp-page\" data-elementor-id=\"962\" class=\"elementor elementor-962 elementor-956\" data-elementor-post-type=\"page\">\n\t\t\t\t\t\t<section class=\"elementor-section elementor-top-section elementor-element elementor-element-daf399c elementor-section-boxed elementor-section-height-default elementor-section-height-default\" data-id=\"daf399c\" data-element_type=\"section\" data-e-type=\"section\">\n\t\t\t\t\t\t<div class=\"elementor-container elementor-column-gap-default\">\n\t\t\t\t\t<div class=\"elementor-column elementor-col-100 elementor-top-column elementor-element elementor-element-8ed1b44\" data-id=\"8ed1b44\" data-element_type=\"column\" data-e-type=\"column\">\n\t\t\t<div class=\"elementor-widget-wrap elementor-element-populated\">\n\t\t\t\t\t\t<div class=\"elementor-element elementor-element-6382acd elementor-widget elementor-widget-heading\" data-id=\"6382acd\" data-element_type=\"widget\" data-e-type=\"widget\" data-widget_type=\"heading.default\">\n\t\t\t\t<div class=\"elementor-widget-container\">\n\t\t\t\t\t<h1 class=\"elementor-heading-title elementor-size-default\">Policy of the Integrated Management System<\/h1>\t\t\t\t<\/div>\n\t\t\t\t<\/div>\n\t\t\t\t\t<\/div>\n\t\t<\/div>\n\t\t\t\t\t<\/div>\n\t\t<\/section>\n\t\t\t\t<section class=\"elementor-section elementor-top-section elementor-element elementor-element-aac6150 elementor-section-boxed elementor-section-height-default elementor-section-height-default\" data-id=\"aac6150\" data-element_type=\"section\" data-e-type=\"section\">\n\t\t\t\t\t\t<div class=\"elementor-container elementor-column-gap-default\">\n\t\t\t\t\t<div class=\"elementor-column elementor-col-100 elementor-top-column elementor-element elementor-element-a20d292\" data-id=\"a20d292\" data-element_type=\"column\" data-e-type=\"column\">\n\t\t\t<div class=\"elementor-widget-wrap elementor-element-populated\">\n\t\t\t\t\t\t<div class=\"elementor-element elementor-element-7e003ca elementor-widget elementor-widget-text-editor\" data-id=\"7e003ca\" data-element_type=\"widget\" data-e-type=\"widget\" data-widget_type=\"text-editor.default\">\n\t\t\t\t<div class=\"elementor-widget-container\">\n\t\t\t\t\t\t\t\t\t<p><b>Mission:<\/b> Our mission is to provide high-quality metalworking services to our customers, ensuring efficient and reliable service delivery. We strive to create a supportive and collaborative work environment that fosters the professional growth and development of our employees.<\/p><p><b>Vision:<\/b> Our goal is to become a quality leader in the field of metalworking services, using our experience, knowledge and technologies. We want to provide our customers with exceptional added value through quality, delivery reliability and customer service. We strive to create a culture based on continuous improvement, offering a supportive and motivating work environment.<br><br><\/p><p>Main goals and tasks in the field of quality:<\/p><ol><li>Development of solutions that meet customer wishes, specifications and standard requirements;<\/li><li>To achieve, maintain and continuously improve product quality;<\/li><li>To ensure continuous staff education process, motivation and growth;<\/li><li>Continuous improvement of integrated management system and existing processes, introduction of advanced technologies.<br><br><\/li><\/ol><p>The priorities set by Steel PROFI for reducing the impact on the environment:<\/p><ul><li>Management of generated waste in the most environmentally friendly way possible, increasing sorting and recycling of paper\/cardboard. Promote measures to reduce the amount of hazardous waste;<\/li><li>Comply with the requirements of legislation and standards in environmental matters;<\/li><li>Follow up and save and preserve natural resources with your actions;<\/li><li>Improving knowledge in the field of environmental protection and creating a positive attitude of all employees towards the implementation of these ideas.<\/li><\/ul>\t\t\t\t\t\t\t\t<\/div>\n\t\t\t\t<\/div>\n\t\t\t\t\t<\/div>\n\t\t<\/div>\n\t\t\t\t\t<\/div>\n\t\t<\/section>\n\t\t\t\t<\/div>\n\t\t","protected":false},"excerpt":{"rendered":"<p>Mission: Our mission is to provide high-quality metalworking services to our customers, ensuring efficient and reliable service delivery. We strive to create a supportive and collaborative work environment that fosters the professional growth and development of our employees. Vision: Our goal is to become a quality leader in the field of metalworking services, using our [&hellip;]<\/p>\n","protected":false},"author":1,"featured_media":0,"parent":0,"menu_order":0,"comment_status":"closed","ping_status":"closed","template":"","meta":{"inline_featured_image":false,"footnotes":""},"class_list":["post-962","page","type-page","status-publish","hentry"],"yoast_head":"<!-- This site is optimized with the Yoast SEO plugin v27.0 - https:\/\/yoast.com\/product\/yoast-seo-wordpress\/ -->\n<title>Policy of the Integrated Management System - Steel PROFI<\/title>\n<meta name=\"robots\" content=\"index, follow, max-snippet:-1, max-image-preview:large, max-video-preview:-1\" \/>\n<link rel=\"canonical\" href=\"https:\/\/steelprofi.lv\/en\/policy-of-the-integrated-management-system\/\" \/>\n<meta property=\"og:locale\" content=\"en_US\" \/>\n<meta property=\"og:type\" content=\"article\" \/>\n<meta property=\"og:title\" content=\"Policy of the Integrated Management System - Steel PROFI\" \/>\n<meta property=\"og:description\" content=\"Mission: Our mission is to provide high-quality metalworking services to our customers, ensuring efficient and reliable service delivery. We strive to create a supportive and collaborative work environment that fosters the professional growth and development of our employees. Vision: Our goal is to become a quality leader in the field of metalworking services, using our [&hellip;]\" \/>\n<meta property=\"og:url\" content=\"https:\/\/steelprofi.lv\/en\/policy-of-the-integrated-management-system\/\" \/>\n<meta property=\"og:site_name\" content=\"Steel PROFI\" \/>\n<meta property=\"article:modified_time\" content=\"2023-05-01T17:28:16+00:00\" \/>\n<meta name=\"twitter:card\" content=\"summary_large_image\" \/>\n<script type=\"application\/ld+json\" class=\"yoast-schema-graph\">{\"@context\":\"https:\/\/schema.org\",\"@graph\":[{\"@type\":\"WebPage\",\"@id\":\"https:\/\/steelprofi.lv\/en\/policy-of-the-integrated-management-system\/\",\"url\":\"https:\/\/steelprofi.lv\/en\/policy-of-the-integrated-management-system\/\",\"name\":\"Policy of the Integrated Management System - Steel PROFI\",\"isPartOf\":{\"@id\":\"http:\/\/steelprofi.lv\/en\/#website\"},\"datePublished\":\"2023-05-01T17:28:13+00:00\",\"dateModified\":\"2023-05-01T17:28:16+00:00\",\"breadcrumb\":{\"@id\":\"https:\/\/steelprofi.lv\/en\/policy-of-the-integrated-management-system\/#breadcrumb\"},\"inLanguage\":\"en-US\",\"potentialAction\":[{\"@type\":\"ReadAction\",\"target\":[\"https:\/\/steelprofi.lv\/en\/policy-of-the-integrated-management-system\/\"]}]},{\"@type\":\"BreadcrumbList\",\"@id\":\"https:\/\/steelprofi.lv\/en\/policy-of-the-integrated-management-system\/#breadcrumb\",\"itemListElement\":[{\"@type\":\"ListItem\",\"position\":1,\"name\":\"S\u0101kums\",\"item\":\"https:\/\/steelprofi.lv\/en\/homepage\/\"},{\"@type\":\"ListItem\",\"position\":2,\"name\":\"Policy of the Integrated Management System\"}]},{\"@type\":\"WebSite\",\"@id\":\"http:\/\/steelprofi.lv\/en\/#website\",\"url\":\"http:\/\/steelprofi.lv\/en\/\",\"name\":\"Steel PROFI\",\"description\":\"Lok\u0161\u0146u met\u0101la apstr\u0101de\",\"publisher\":{\"@id\":\"http:\/\/steelprofi.lv\/en\/#organization\"},\"potentialAction\":[{\"@type\":\"SearchAction\",\"target\":{\"@type\":\"EntryPoint\",\"urlTemplate\":\"http:\/\/steelprofi.lv\/en\/?s={search_term_string}\"},\"query-input\":{\"@type\":\"PropertyValueSpecification\",\"valueRequired\":true,\"valueName\":\"search_term_string\"}}],\"inLanguage\":\"en-US\"},{\"@type\":\"Organization\",\"@id\":\"http:\/\/steelprofi.lv\/en\/#organization\",\"name\":\"Steel PROFI\",\"url\":\"http:\/\/steelprofi.lv\/en\/\",\"logo\":{\"@type\":\"ImageObject\",\"inLanguage\":\"en-US\",\"@id\":\"http:\/\/steelprofi.lv\/en\/#\/schema\/logo\/image\/\",\"url\":\"http:\/\/steelprofi.lv\/wp-content\/uploads\/2021\/10\/SteelProfi-logo.svg\",\"contentUrl\":\"http:\/\/steelprofi.lv\/wp-content\/uploads\/2021\/10\/SteelProfi-logo.svg\",\"width\":501,\"height\":103,\"caption\":\"Steel PROFI\"},\"image\":{\"@id\":\"http:\/\/steelprofi.lv\/en\/#\/schema\/logo\/image\/\"}}]}<\/script>\n<!-- \/ Yoast SEO plugin. -->","yoast_head_json":{"title":"Policy of the Integrated Management System - Steel PROFI","robots":{"index":"index","follow":"follow","max-snippet":"max-snippet:-1","max-image-preview":"max-image-preview:large","max-video-preview":"max-video-preview:-1"},"canonical":"https:\/\/steelprofi.lv\/en\/policy-of-the-integrated-management-system\/","og_locale":"en_US","og_type":"article","og_title":"Policy of the Integrated Management System - Steel PROFI","og_description":"Mission: Our mission is to provide high-quality metalworking services to our customers, ensuring efficient and reliable service delivery. We strive to create a supportive and collaborative work environment that fosters the professional growth and development of our employees. Vision: Our goal is to become a quality leader in the field of metalworking services, using our [&hellip;]","og_url":"https:\/\/steelprofi.lv\/en\/policy-of-the-integrated-management-system\/","og_site_name":"Steel PROFI","article_modified_time":"2023-05-01T17:28:16+00:00","twitter_card":"summary_large_image","schema":{"@context":"https:\/\/schema.org","@graph":[{"@type":"WebPage","@id":"https:\/\/steelprofi.lv\/en\/policy-of-the-integrated-management-system\/","url":"https:\/\/steelprofi.lv\/en\/policy-of-the-integrated-management-system\/","name":"Policy of the Integrated Management System - Steel PROFI","isPartOf":{"@id":"http:\/\/steelprofi.lv\/en\/#website"},"datePublished":"2023-05-01T17:28:13+00:00","dateModified":"2023-05-01T17:28:16+00:00","breadcrumb":{"@id":"https:\/\/steelprofi.lv\/en\/policy-of-the-integrated-management-system\/#breadcrumb"},"inLanguage":"en-US","potentialAction":[{"@type":"ReadAction","target":["https:\/\/steelprofi.lv\/en\/policy-of-the-integrated-management-system\/"]}]},{"@type":"BreadcrumbList","@id":"https:\/\/steelprofi.lv\/en\/policy-of-the-integrated-management-system\/#breadcrumb","itemListElement":[{"@type":"ListItem","position":1,"name":"S\u0101kums","item":"https:\/\/steelprofi.lv\/en\/homepage\/"},{"@type":"ListItem","position":2,"name":"Policy of the Integrated Management System"}]},{"@type":"WebSite","@id":"http:\/\/steelprofi.lv\/en\/#website","url":"http:\/\/steelprofi.lv\/en\/","name":"Steel PROFI","description":"Lok\u0161\u0146u met\u0101la apstr\u0101de","publisher":{"@id":"http:\/\/steelprofi.lv\/en\/#organization"},"potentialAction":[{"@type":"SearchAction","target":{"@type":"EntryPoint","urlTemplate":"http:\/\/steelprofi.lv\/en\/?s={search_term_string}"},"query-input":{"@type":"PropertyValueSpecification","valueRequired":true,"valueName":"search_term_string"}}],"inLanguage":"en-US"},{"@type":"Organization","@id":"http:\/\/steelprofi.lv\/en\/#organization","name":"Steel PROFI","url":"http:\/\/steelprofi.lv\/en\/","logo":{"@type":"ImageObject","inLanguage":"en-US","@id":"http:\/\/steelprofi.lv\/en\/#\/schema\/logo\/image\/","url":"http:\/\/steelprofi.lv\/wp-content\/uploads\/2021\/10\/SteelProfi-logo.svg","contentUrl":"http:\/\/steelprofi.lv\/wp-content\/uploads\/2021\/10\/SteelProfi-logo.svg","width":501,"height":103,"caption":"Steel PROFI"},"image":{"@id":"http:\/\/steelprofi.lv\/en\/#\/schema\/logo\/image\/"}}]}},"_links":{"self":[{"href":"https:\/\/steelprofi.lv\/en\/wp-json\/wp\/v2\/pages\/962","targetHints":{"allow":["GET"]}}],"collection":[{"href":"https:\/\/steelprofi.lv\/en\/wp-json\/wp\/v2\/pages"}],"about":[{"href":"https:\/\/steelprofi.lv\/en\/wp-json\/wp\/v2\/types\/page"}],"author":[{"embeddable":true,"href":"https:\/\/steelprofi.lv\/en\/wp-json\/wp\/v2\/users\/1"}],"replies":[{"embeddable":true,"href":"https:\/\/steelprofi.lv\/en\/wp-json\/wp\/v2\/comments?post=962"}],"version-history":[{"count":0,"href":"https:\/\/steelprofi.lv\/en\/wp-json\/wp\/v2\/pages\/962\/revisions"}],"wp:attachment":[{"href":"https:\/\/steelprofi.lv\/en\/wp-json\/wp\/v2\/media?parent=962"}],"curies":[{"name":"wp","href":"https:\/\/api.w.org\/{rel}","templated":true}]}}